{"id":2470,"date":"2024-05-15T11:07:34","date_gmt":"2024-05-15T11:07:34","guid":{"rendered":"https:\/\/alivenesskundalini.com\/?page_id=2470"},"modified":"2024-06-26T15:48:04","modified_gmt":"2024-06-26T13:48:04","slug":"o_meni","status":"publish","type":"page","link":"https:\/\/alivenesskundalini.com\/hr\/o_meni\/","title":{"rendered":"O meni"},"content":{"rendered":"<div data-elementor-type=\"wp-page\" data-elementor-id=\"2470\" class=\"elementor elementor-2470\" data-elementor-post-type=\"page\">\n\t\t\t\t<div class=\"elementor-element elementor-element-a6e2106 e-con-full elementor-hidden-mobile e-flex e-con e-parent\" data-id=\"a6e2106\" data-element_type=\"container\" data-settings=\"{&quot;background_background&quot;:&quot;classic&quot;,&quot;jet_parallax_layout_list&quot;:[]}\">\n\t\t<div class=\"elementor-element elementor-element-2811914 e-con-full e-flex e-con e-child\" data-id=\"2811914\" data-element_type=\"container\" data-settings=\"{&quot;background_background&quot;:&quot;classic&quot;,&quot;jet_parallax_layout_list&quot;:[]}\">\n\t\t\t\t<div class=\"elementor-element elementor-element-6d988f1 elementor-widget elementor-widget-heading\" data-id=\"6d988f1\" data-element_type=\"widget\" data-widget_type=\"heading.default\">\n\t\t\t\t<div class=\"elementor-widget-container\">\n\t\t\t\t\t<h2 class=\"elementor-heading-title elementor-size-default\">O meni<\/h2>\t\t\t\t<\/div>\n\t\t\t\t<\/div>\n\t\t\t\t<div class=\"elementor-element elementor-element-e9353ee elementor-widget elementor-widget-text-editor\" data-id=\"e9353ee\" data-element_type=\"widget\" data-widget_type=\"text-editor.default\">\n\t\t\t\t<div class=\"elementor-widget-container\">\n\t\t\t\t\t\t\t\t\tAnya ima jedinstvenu kombinaciju energetskih sposobnosti u povezivanju svijesti tijela i uma.\n<br>\nTo joj omogu\u0107uje da se duboko pove\u017ee s ljudima.\n<br>\nPro\u010ditajte vi\u0161e o Anyinom radu i na\u010dinu funkcioniranja sesije.\t\t\t\t\t\t\t\t<\/div>\n\t\t\t\t<\/div>\n\t\t\t\t<\/div>\n\t\t\t\t<\/div>\n\t\t<div class=\"elementor-element elementor-element-576d3cb e-con-full elementor-hidden-desktop elementor-hidden-tablet e-flex e-con e-parent\" data-id=\"576d3cb\" data-element_type=\"container\" data-settings=\"{&quot;background_background&quot;:&quot;classic&quot;,&quot;jet_parallax_layout_list&quot;:[]}\">\n\t\t<div class=\"elementor-element elementor-element-f8ae101 e-flex e-con-boxed e-con e-child\" data-id=\"f8ae101\" data-element_type=\"container\" data-settings=\"{&quot;jet_parallax_layout_list&quot;:[]}\">\n\t\t\t\t\t<div class=\"e-con-inner\">\n\t\t<div class=\"elementor-element elementor-element-5da67ed e-con-full e-flex e-con e-child\" data-id=\"5da67ed\" data-element_type=\"container\" data-settings=\"{&quot;background_background&quot;:&quot;classic&quot;,&quot;jet_parallax_layout_list&quot;:[]}\">\n\t\t\t\t<div class=\"elementor-element elementor-element-11d3f16 elementor-widget elementor-widget-heading\" data-id=\"11d3f16\" data-element_type=\"widget\" data-widget_type=\"heading.default\">\n\t\t\t\t<div class=\"elementor-widget-container\">\n\t\t\t\t\t<h2 class=\"elementor-heading-title elementor-size-default\">O meni<\/h2>\t\t\t\t<\/div>\n\t\t\t\t<\/div>\n\t\t\t\t<div class=\"elementor-element elementor-element-60f563a elementor-widget elementor-widget-text-editor\" data-id=\"60f563a\" data-element_type=\"widget\" data-widget_type=\"text-editor.default\">\n\t\t\t\t<div class=\"elementor-widget-container\">\n\t\t\t\t\t\t\t\t\tAnya ima jedinstvenu kombinaciju energetskih sposobnosti u povezivanju svijesti tijela i uma.\n<br>\nTo joj omogu\u0107uje da se duboko pove\u017ee s ljudima.\n<br>\nPro\u010ditajte vi\u0161e o Anyinom radu i na\u010dinu funkcioniranja sesije.\t\t\t\t\t\t\t\t<\/div>\n\t\t\t\t<\/div>\n\t\t\t\t<\/div>\n\t\t\t\t\t<\/div>\n\t\t\t\t<\/div>\n\t\t\t\t<\/div>\n\t\t<div class=\"elementor-element elementor-element-ba86c65 e-con-full elementor-hidden-mobile e-flex e-con e-parent\" data-id=\"ba86c65\" data-element_type=\"container\" data-settings=\"{&quot;jet_parallax_layout_list&quot;:[]}\">\n\t\t<div class=\"elementor-element elementor-element-7256ee2 e-con-full e-flex e-con e-child\" data-id=\"7256ee2\" data-element_type=\"container\" data-settings=\"{&quot;jet_parallax_layout_list&quot;:[]}\">\n\t\t<div class=\"elementor-element elementor-element-d6f9b83 e-con-full e-flex e-con e-child\" data-id=\"d6f9b83\" data-element_type=\"container\" data-settings=\"{&quot;background_background&quot;:&quot;classic&quot;,&quot;jet_parallax_layout_list&quot;:[]}\">\n\t\t\t\t<div class=\"elementor-element elementor-element-c545c0c elementor-widget elementor-widget-heading\" data-id=\"c545c0c\" data-element_type=\"widget\" data-widget_type=\"heading.default\">\n\t\t\t\t<div class=\"elementor-widget-container\">\n\t\t\t\t\t<h2 class=\"elementor-heading-title elementor-size-default\">Energija<\/h2>\t\t\t\t<\/div>\n\t\t\t\t<\/div>\n\t\t\t\t<\/div>\n\t\t<div class=\"elementor-element elementor-element-cac8fdb e-con-full e-flex e-con e-child\" data-id=\"cac8fdb\" data-element_type=\"container\" data-settings=\"{&quot;jet_parallax_layout_list&quot;:[]}\">\n\t\t\t\t<div class=\"elementor-element elementor-element-3c900c6 elementor-widget elementor-widget-text-editor\" data-id=\"3c900c6\" data-element_type=\"widget\" data-widget_type=\"text-editor.default\">\n\t\t\t\t<div class=\"elementor-widget-container\">\n\t\t\t\t\t\t\t\t\t<p class=\"font_8 wixui-rich-text__text\"><span class=\"wixui-rich-text__text\">Ovo putovanje je duhovni proces, to je izravna energetska aktivacija koja u vama budi mo\u0107nu iscjeljuju\u0107u energiju.<\/span><\/p><p class=\"font_8 wixui-rich-text__text\"><span class=\"wixui-rich-text__text\">To je vrlo prirodan proces, jer je inteligencija na djelu daju\u0107i va\u0161em sustavu ono \u0161to mu je trenutno potrebno.<\/span><\/p><p class=\"font_8 wixui-rich-text__text\"><span class=\"wixui-rich-text__text\">To je \u010di\u0161\u0107enje putova koliko god je to mogu\u0107e ili koliko se mo\u017eete predati u tom trenutku. Svatko prima ono za \u0161to je spreman. Nema sile.<\/span><\/p><p class=\"font_8 wixui-rich-text__text\"><span class=\"wixui-rich-text__text\">Kada prisustvujete seansi, nalazite se u vrtlogu energije, frekvenciji koju ja dr\u017eim i reguliram. Ovo je duboko iscjeljuju\u0107a frekvencija.<\/span><\/p>\t\t\t\t\t\t\t\t<\/div>\n\t\t\t\t<\/div>\n\t\t\t\t<\/div>\n\t\t\t\t<\/div>\n\t\t\t\t<\/div>\n\t\t<div class=\"elementor-element elementor-element-916b26a e-con-full elementor-hidden-desktop elementor-hidden-tablet e-flex e-con e-parent\" data-id=\"916b26a\" data-element_type=\"container\" data-settings=\"{&quot;jet_parallax_layout_list&quot;:[]}\">\n\t\t<div class=\"elementor-element elementor-element-a4a8274 e-con-full e-flex e-con e-child\" data-id=\"a4a8274\" data-element_type=\"container\" data-settings=\"{&quot;jet_parallax_layout_list&quot;:[]}\">\n\t\t<div class=\"elementor-element elementor-element-3a00007 e-con-full e-flex e-con e-child\" data-id=\"3a00007\" data-element_type=\"container\" data-settings=\"{&quot;background_background&quot;:&quot;classic&quot;,&quot;jet_parallax_layout_list&quot;:[]}\">\n\t\t\t\t<div class=\"elementor-element elementor-element-6cf94da elementor-widget elementor-widget-heading\" data-id=\"6cf94da\" data-element_type=\"widget\" data-widget_type=\"heading.default\">\n\t\t\t\t<div class=\"elementor-widget-container\">\n\t\t\t\t\t<h2 class=\"elementor-heading-title elementor-size-default\">Energija<\/h2>\t\t\t\t<\/div>\n\t\t\t\t<\/div>\n\t\t\t\t<\/div>\n\t\t<div class=\"elementor-element elementor-element-5674bb6 e-con-full e-flex e-con e-child\" data-id=\"5674bb6\" data-element_type=\"container\" data-settings=\"{&quot;jet_parallax_layout_list&quot;:[]}\">\n\t\t\t\t<div class=\"elementor-element elementor-element-341a4d2 elementor-widget elementor-widget-text-editor\" data-id=\"341a4d2\" data-element_type=\"widget\" data-widget_type=\"text-editor.default\">\n\t\t\t\t<div class=\"elementor-widget-container\">\n\t\t\t\t\t\t\t\t\t<p class=\"font_8 wixui-rich-text__text\"><span class=\"wixui-rich-text__text\">Ovo putovanje je duhovni proces, to je izravna energetska aktivacija koja u vama budi mo\u0107nu iscjeljuju\u0107u energiju.<\/span><\/p><p class=\"font_8 wixui-rich-text__text\"><span class=\"wixui-rich-text__text\">To je vrlo prirodan proces, jer je inteligencija na djelu daju\u0107i va\u0161em sustavu ono \u0161to mu je trenutno potrebno.<\/span><\/p><p class=\"font_8 wixui-rich-text__text\"><span class=\"wixui-rich-text__text\">To je \u010di\u0161\u0107enje putova koliko god je to mogu\u0107e ili koliko se mo\u017eete predati u tom trenutku. Svatko prima ono za \u0161to je spreman. Nema sile.<\/span><\/p><p class=\"font_8 wixui-rich-text__text\"><span class=\"wixui-rich-text__text\">Kada prisustvujete seansi, nalazite se u vrtlogu energije, frekvenciji koju ja dr\u017eim i reguliram. Ovo je duboko iscjeljuju\u0107a frekvencija.<\/span><\/p>\t\t\t\t\t\t\t\t<\/div>\n\t\t\t\t<\/div>\n\t\t\t\t<\/div>\n\t\t\t\t<\/div>\n\t\t\t\t<\/div>\n\t\t<div class=\"elementor-element elementor-element-b496dec e-con-full elementor-hidden-mobile e-flex e-con e-parent\" data-id=\"b496dec\" data-element_type=\"container\" data-settings=\"{&quot;jet_parallax_layout_list&quot;:[]}\">\n\t\t<div class=\"elementor-element elementor-element-05bf1ea e-con-full e-flex e-con e-child\" data-id=\"05bf1ea\" data-element_type=\"container\" data-settings=\"{&quot;background_background&quot;:&quot;classic&quot;,&quot;jet_parallax_layout_list&quot;:[]}\">\n\t\t<div class=\"elementor-element elementor-element-28bee13 e-con-full e-flex elementor-invisible e-con e-child\" data-id=\"28bee13\" data-element_type=\"container\" data-settings=\"{&quot;jet_parallax_layout_list&quot;:[],&quot;animation&quot;:&quot;fadeInUp&quot;}\">\n\t\t\t\t<div class=\"elementor-element elementor-element-3964702 elementor-widget elementor-widget-heading\" data-id=\"3964702\" data-element_type=\"widget\" data-widget_type=\"heading.default\">\n\t\t\t\t<div class=\"elementor-widget-container\">\n\t\t\t\t\t<h2 class=\"elementor-heading-title elementor-size-default\">Je AKTIVACIJA energije \u017eivljenjske sile, <\/h2>\t\t\t\t<\/div>\n\t\t\t\t<\/div>\n\t\t\t\t<div class=\"elementor-element elementor-element-8b9bc93 elementor-widget elementor-widget-text-editor\" data-id=\"8b9bc93\" data-element_type=\"widget\" data-widget_type=\"text-editor.default\">\n\t\t\t\t<div class=\"elementor-widget-container\">\n\t\t\t\t\t\t\t\t\tmo\u017ee biti i \u010di\u0161\u0107enje, bu\u0111enje, regulacija, pam\u0107enje, transformacija, osvje\u0161tavanje. Svako iskustvo je jedinstveno, ali u isto vrijeme vrlo prirodan i siguran proces.\n<br><br>\nOvo NIJE kundalini joga, kundalini disanje ili tantra - to je energetska aktivacija koja od vas zahtijeva samo da se prepustite iskustvu.<br><br>\nVrlo se razlikuje od tradicionalnih kundalini praksi gdje se namjerna praksa koristi za podizanje va\u0161e energije. Ovdje je to proces u kojemu sustavno \"ne radimo ni\u0161ta\" nego se prepu\u0161tamo iskustvu u udobnom le\u017ee\u0107em polo\u017eaju. \n\n<br><br>\nRo\u0111eni smo sa 100% na\u0161e \u017eivotne energije, ali kako prolazimo kroz \u017eivot nakupljamo traume, uvjete, raskide i drugu fizi\u010dku i emocionalnu prtljagu te razvijamo energetske blokade. To mo\u017ee uzrokovati fizi\u010dku bol, emocionalni teret, tjeskobu, negativne obrasce mi\u0161ljenja, stres i jo\u0161 mnogo toga.\n<br><br>\nSeansa \u0107e probuditi va\u0161u energiju kako bi mogla potpunije te\u0107i i o\u010distiti va\u0161e blokade. Sa svakom ponovljenom seansom, energija resetira va\u0161 energetski sustav kako bi vas vratio u cjelovitost i uskla\u0111enost, omogu\u0107uju\u0107i duboko emocionalno i duhovno iscjeljenje.\t\t\t\t\t\t\t\t<\/div>\n\t\t\t\t<\/div>\n\t\t\t\t<\/div>\n\t\t<div class=\"elementor-element elementor-element-d11440c e-con-full e-flex elementor-invisible e-con e-child\" data-id=\"d11440c\" data-element_type=\"container\" data-settings=\"{&quot;background_background&quot;:&quot;classic&quot;,&quot;jet_parallax_layout_list&quot;:[],&quot;animation&quot;:&quot;fadeInRight&quot;,&quot;animation_mobile&quot;:&quot;fadeIn&quot;}\">\n\t\t\t\t<\/div>\n\t\t\t\t<\/div>\n\t\t\t\t<\/div>\n\t\t<div class=\"elementor-element elementor-element-e42ed18 e-con-full elementor-hidden-desktop elementor-hidden-tablet e-flex e-con e-parent\" data-id=\"e42ed18\" data-element_type=\"container\" data-settings=\"{&quot;jet_parallax_layout_list&quot;:[]}\">\n\t\t<div class=\"elementor-element elementor-element-74e8d02 e-con-full e-flex e-con e-child\" data-id=\"74e8d02\" data-element_type=\"container\" data-settings=\"{&quot;background_background&quot;:&quot;classic&quot;,&quot;jet_parallax_layout_list&quot;:[]}\">\n\t\t<div class=\"elementor-element elementor-element-41ac5ba e-con-full e-flex elementor-invisible e-con e-child\" data-id=\"41ac5ba\" data-element_type=\"container\" data-settings=\"{&quot;background_background&quot;:&quot;classic&quot;,&quot;jet_parallax_layout_list&quot;:[],&quot;animation&quot;:&quot;fadeInRight&quot;,&quot;animation_mobile&quot;:&quot;none&quot;}\">\n\t\t\t\t<\/div>\n\t\t<div class=\"elementor-element elementor-element-cf3275f e-con-full e-flex elementor-invisible e-con e-child\" data-id=\"cf3275f\" data-element_type=\"container\" data-settings=\"{&quot;jet_parallax_layout_list&quot;:[],&quot;animation&quot;:&quot;fadeInUp&quot;,&quot;animation_mobile&quot;:&quot;none&quot;}\">\n\t\t\t\t<div class=\"elementor-element elementor-element-473bdb9 elementor-widget elementor-widget-text-editor\" data-id=\"473bdb9\" data-element_type=\"widget\" data-widget_type=\"text-editor.default\">\n\t\t\t\t<div class=\"elementor-widget-container\">\n\t\t\t\t\t\t\t\t\tTo je AKTIVACIJA energije \u017eivotne snage, mo\u017ee biti i \u010di\u0161\u0107enje, bu\u0111enje, regulacija, pam\u0107enje, transformacija, osvje\u0161tavanje. Svako iskustvo je jedinstveno, ali u isto vrijeme vrlo prirodan i siguran proces.<br><br>\n\n\nOvo NIJE kundalini joga, kundalini disanje ili tantra - to je energetska aktivacija koja od vas zahtijeva samo da se prepustite iskustvu.<br><br>\n\n\nVrlo se razlikuje od tradicionalnih kundalini praksi gdje se namjerna praksa koristi za podizanje va\u0161e energije. Ovdje je to proces u kojemu sustavno \"ne radimo ni\u0161ta\" nego se prepu\u0161tamo iskustvu u udobnom le\u017ee\u0107em polo\u017eaju.<br><br>\n\n\n\nRo\u0111eni smo sa 100% na\u0161e \u017eivotne energije, ali kako prolazimo kroz \u017eivot nakupljamo traume, uvjete, raskide i drugu fizi\u010dku i emocionalnu prtljagu te razvijamo energetske blokade. To mo\u017ee uzrokovati fizi\u010dku bol, emocionalni teret, tjeskobu, negativne obrasce mi\u0161ljenja, stres i jo\u0161 mnogo toga.<br><br>\n\n\nSeansa \u0107e probuditi va\u0161u energiju kako bi mogla potpunije te\u0107i i o\u010distiti va\u0161e blokade. Sa svakom ponovljenom seansom, energija resetira va\u0161 energetski sustav kako bi vas vratio u cjelovitost i uskla\u0111enost, omogu\u0107uju\u0107i duboko emocionalno i duhovno iscjeljenje.\t\t\t\t\t\t\t\t<\/div>\n\t\t\t\t<\/div>\n\t\t\t\t<\/div>\n\t\t\t\t<\/div>\n\t\t\t\t<\/div>\n\t\t<div class=\"elementor-element elementor-element-6657d1f e-con-full elementor-hidden-mobile e-flex e-con e-parent\" data-id=\"6657d1f\" data-element_type=\"container\" data-settings=\"{&quot;background_background&quot;:&quot;classic&quot;,&quot;jet_parallax_layout_list&quot;:[]}\">\n\t\t<div class=\"elementor-element elementor-element-a58cddc e-con-full e-flex e-con e-child\" data-id=\"a58cddc\" data-element_type=\"container\" data-settings=\"{&quot;background_background&quot;:&quot;classic&quot;,&quot;jet_parallax_layout_list&quot;:[]}\">\n\t\t\t\t<div class=\"elementor-element elementor-element-3870ac6 elementor-widget elementor-widget-text-editor\" data-id=\"3870ac6\" data-element_type=\"widget\" data-widget_type=\"text-editor.default\">\n\t\t\t\t<div class=\"elementor-widget-container\">\n\t\t\t\t\t\t\t\t\t<p class=\"font_8 wixui-rich-text__text\"><span class=\"wixui-rich-text__text\">Na ovoj frekvenciji - dolazi do otpu\u0161tanja emocionalnih blokada, otpu\u0161tanja trauma i ustajale energije, povezivanja i koordinacije energetskih centara, podizanja vibracija i pristupa vi\u0161im razinama svijesti.<\/span><\/p><p class=\"font_8 wixui-rich-text__text\"><span class=\"wixui-rich-text__text\">Tijekom sesije le\u0107i \u0107ete na prostirku za jogu, zatvoriti o\u010di i prepustiti se iskustvu. Stvaram vrtlog poja\u010dane \u017eivotne energije.<\/span><\/p><p class=\"font_8 wixui-rich-text__text\"><span class=\"wixui-rich-text__text\">S va\u0161om spremno\u0161\u0107u da se predate i prepustite, va\u0161 energetski sustav \u0107e se prilagoditi mojoj frekvenciji. \u0160to se vi\u0161e predajete\/prepu\u0161tate i promatrate \u0161to se doga\u0111a bez prosu\u0111ivanja tijekom seanse, to \u0107e se va\u0161a energija vi\u0161e aktivirati.<\/span><\/p>\t\t\t\t\t\t\t\t<\/div>\n\t\t\t\t<\/div>\n\t\t\t\t<\/div>\n\t\t<div class=\"elementor-element elementor-element-9fab3f4 e-flex e-con-boxed e-con e-child\" data-id=\"9fab3f4\" data-element_type=\"container\" data-settings=\"{&quot;jet_parallax_layout_list&quot;:[]}\">\n\t\t\t\t\t<div class=\"e-con-inner\">\n\t\t\t\t<div class=\"elementor-element elementor-element-3523aa7 elementor-widget__width-initial elementor-align-center elementor-tablet-align-right elementor-mobile-align-center elementor-invisible elementor-widget elementor-widget-button\" data-id=\"3523aa7\" data-element_type=\"widget\" data-settings=\"{&quot;_animation&quot;:&quot;pulse&quot;}\" data-widget_type=\"button.default\">\n\t\t\t\t<div class=\"elementor-widget-container\">\n\t\t\t\t\t\t\t\t\t<div class=\"elementor-button-wrapper\">\n\t\t\t\t\t<a class=\"elementor-button elementor-button-link elementor-size-sm\" href=\"https:\/\/alivenesskundalini.com\/hr\/dogodaji\/\">\n\t\t\t\t\t\t<span class=\"elementor-button-content-wrapper\">\n\t\t\t\t\t\t\t\t\t<span class=\"elementor-button-text\">REZERVACIJA<\/span>\n\t\t\t\t\t<\/span>\n\t\t\t\t\t<\/a>\n\t\t\t\t<\/div>\n\t\t\t\t\t\t\t\t<\/div>\n\t\t\t\t<\/div>\n\t\t\t\t\t<\/div>\n\t\t\t\t<\/div>\n\t\t\t\t<\/div>\n\t\t<div class=\"elementor-element elementor-element-c3073ae e-con-full elementor-hidden-desktop elementor-hidden-tablet e-flex e-con e-parent\" data-id=\"c3073ae\" data-element_type=\"container\" data-settings=\"{&quot;background_background&quot;:&quot;classic&quot;,&quot;jet_parallax_layout_list&quot;:[]}\">\n\t\t<div class=\"elementor-element elementor-element-eadbf94 e-flex e-con-boxed e-con e-child\" data-id=\"eadbf94\" data-element_type=\"container\" data-settings=\"{&quot;background_background&quot;:&quot;classic&quot;,&quot;jet_parallax_layout_list&quot;:[]}\">\n\t\t\t\t\t<div class=\"e-con-inner\">\n\t\t\t\t\t<\/div>\n\t\t\t\t<\/div>\n\t\t<div class=\"elementor-element elementor-element-8c4a817 e-con-full e-flex e-con e-child\" data-id=\"8c4a817\" data-element_type=\"container\" data-settings=\"{&quot;background_background&quot;:&quot;classic&quot;,&quot;jet_parallax_layout_list&quot;:[]}\">\n\t\t\t\t<div class=\"elementor-element elementor-element-6dcea64 elementor-widget elementor-widget-text-editor\" data-id=\"6dcea64\" data-element_type=\"widget\" data-widget_type=\"text-editor.default\">\n\t\t\t\t<div class=\"elementor-widget-container\">\n\t\t\t\t\t\t\t\t\t<p class=\"font_8 wixui-rich-text__text\"><span class=\"wixui-rich-text__text\">Na ovoj frekvenciji - dolazi do otpu\u0161tanja emocionalnih blokada, otpu\u0161tanja trauma i ustajale energije, povezivanja i koordinacije energetskih centara, podizanja vibracija i pristupa vi\u0161im razinama svijesti.<\/span><\/p><p class=\"font_8 wixui-rich-text__text\"><span class=\"wixui-rich-text__text\">Tijekom sesije le\u0107i \u0107ete na prostirku za jogu, zatvoriti o\u010di i prepustiti se iskustvu. Stvaram vrtlog poja\u010dane \u017eivotne energije.<\/span><\/p><p class=\"font_8 wixui-rich-text__text\"><span class=\"wixui-rich-text__text\">S va\u0161om spremno\u0161\u0107u da se predate i prepustite, va\u0161 energetski sustav \u0107e se prilagoditi mojoj frekvenciji. \u0160to se vi\u0161e predajete\/prepu\u0161tate i promatrate \u0161to se doga\u0111a bez prosu\u0111ivanja tijekom seanse, to \u0107e se va\u0161a energija vi\u0161e aktivirati.<\/span><\/p>\t\t\t\t\t\t\t\t<\/div>\n\t\t\t\t<\/div>\n\t\t\t\t<div class=\"elementor-element elementor-element-74b7645 elementor-widget__width-initial elementor-align-center elementor-tablet-align-right elementor-mobile-align-center elementor-invisible elementor-widget elementor-widget-button\" data-id=\"74b7645\" data-element_type=\"widget\" data-settings=\"{&quot;_animation&quot;:&quot;pulse&quot;}\" data-widget_type=\"button.default\">\n\t\t\t\t<div class=\"elementor-widget-container\">\n\t\t\t\t\t\t\t\t\t<div class=\"elementor-button-wrapper\">\n\t\t\t\t\t<a class=\"elementor-button elementor-button-link elementor-size-sm\" href=\"https:\/\/alivenesskundalini.com\/hr\/dogodaji\/\">\n\t\t\t\t\t\t<span class=\"elementor-button-content-wrapper\">\n\t\t\t\t\t\t\t\t\t<span class=\"elementor-button-text\">REZERVACIJA<\/span>\n\t\t\t\t\t<\/span>\n\t\t\t\t\t<\/a>\n\t\t\t\t<\/div>\n\t\t\t\t\t\t\t\t<\/div>\n\t\t\t\t<\/div>\n\t\t\t\t<\/div>\n\t\t\t\t<\/div>\n\t\t\t\t<\/div>","protected":false},"excerpt":{"rendered":"<p>About Anya has a unique blend of energetic abilities and mind-body awareness. This enables her to meet clients deeply and meaningfully. Explore Anya&#8217;s work, what the session set up looks like and what can potentially happen there. About Anya has a unique blend of energetic abilities and mind-body awareness. This enables her to meet clients [&hellip;]<\/p>","protected":false},"author":6,"featured_media":0,"parent":0,"menu_order":0,"comment_status":"closed","ping_status":"closed","template":"","meta":{"footnotes":""},"class_list":["post-2470","page","type-page","status-publish","hentry"],"_links":{"self":[{"href":"https:\/\/alivenesskundalini.com\/hr\/wp-json\/wp\/v2\/pages\/2470","targetHints":{"allow":["GET"]}}],"collection":[{"href":"https:\/\/alivenesskundalini.com\/hr\/wp-json\/wp\/v2\/pages"}],"about":[{"href":"https:\/\/alivenesskundalini.com\/hr\/wp-json\/wp\/v2\/types\/page"}],"author":[{"embeddable":true,"href":"https:\/\/alivenesskundalini.com\/hr\/wp-json\/wp\/v2\/users\/6"}],"replies":[{"embeddable":true,"href":"https:\/\/alivenesskundalini.com\/hr\/wp-json\/wp\/v2\/comments?post=2470"}],"version-history":[{"count":532,"href":"https:\/\/alivenesskundalini.com\/hr\/wp-json\/wp\/v2\/pages\/2470\/revisions"}],"predecessor-version":[{"id":6759,"href":"https:\/\/alivenesskundalini.com\/hr\/wp-json\/wp\/v2\/pages\/2470\/revisions\/6759"}],"wp:attachment":[{"href":"https:\/\/alivenesskundalini.com\/hr\/wp-json\/wp\/v2\/media?parent=2470"}],"curies":[{"name":"wp","href":"https:\/\/api.w.org\/{rel}","templated":true}]}}