{"id":2472,"date":"2024-05-15T11:08:00","date_gmt":"2024-05-15T11:08:00","guid":{"rendered":"https:\/\/alivenesskundalini.com\/?page_id=2472"},"modified":"2024-06-13T18:45:23","modified_gmt":"2024-06-13T18:45:23","slug":"prednosti","status":"publish","type":"page","link":"https:\/\/alivenesskundalini.com\/hr\/prednosti\/","title":{"rendered":"Prednosti"},"content":{"rendered":"<div data-elementor-type=\"wp-page\" data-elementor-id=\"2472\" class=\"elementor elementor-2472\" data-elementor-post-type=\"page\">\n\t\t\t\t<div class=\"elementor-element elementor-element-18e42ff e-con-full e-flex e-con e-parent\" data-id=\"18e42ff\" data-element_type=\"container\" data-settings=\"{&quot;background_background&quot;:&quot;classic&quot;,&quot;jet_parallax_layout_list&quot;:[]}\">\n\t\t<div class=\"elementor-element elementor-element-f957a65 e-con-full e-flex e-con e-child\" data-id=\"f957a65\" data-element_type=\"container\" data-settings=\"{&quot;jet_parallax_layout_list&quot;:[],&quot;background_background&quot;:&quot;classic&quot;}\">\n\t\t\t\t<div class=\"elementor-element elementor-element-3c60773 elementor-widget elementor-widget-heading\" data-id=\"3c60773\" data-element_type=\"widget\" data-widget_type=\"heading.default\">\n\t\t\t\t<div class=\"elementor-widget-container\">\n\t\t\t\t\t<h2 class=\"elementor-heading-title elementor-size-default\">Za\u0161to radimo ovaj posao?<\/h2>\t\t\t\t<\/div>\n\t\t\t\t<\/div>\n\t\t\t\t<div class=\"elementor-element elementor-element-de0a265 elementor-widget elementor-widget-text-editor\" data-id=\"de0a265\" data-element_type=\"widget\" data-widget_type=\"text-editor.default\">\n\t\t\t\t<div class=\"elementor-widget-container\">\n\t\t\t\t\t\t\t\t\tSaznajte koje vam prednosti donosi na\u0161 rad\t\t\t\t\t\t\t\t<\/div>\n\t\t\t\t<\/div>\n\t\t\t\t<\/div>\n\t\t\t\t<\/div>\n\t\t<div class=\"elementor-element elementor-element-44d5eb9 e-con-full e-flex e-con e-parent\" data-id=\"44d5eb9\" data-element_type=\"container\" data-settings=\"{&quot;jet_parallax_layout_list&quot;:[]}\">\n\t\t<div class=\"elementor-element elementor-element-ef12f10 elementor-hidden-mobile e-flex e-con-boxed e-con e-child\" data-id=\"ef12f10\" data-element_type=\"container\" data-settings=\"{&quot;background_background&quot;:&quot;classic&quot;,&quot;jet_parallax_layout_list&quot;:[]}\">\n\t\t\t\t\t<div class=\"e-con-inner\">\n\t\t\t\t\t<\/div>\n\t\t\t\t<\/div>\n\t\t<div class=\"elementor-element elementor-element-9374447 e-flex e-con-boxed e-con e-child\" data-id=\"9374447\" data-element_type=\"container\" data-settings=\"{&quot;jet_parallax_layout_list&quot;:[]}\">\n\t\t\t\t\t<div class=\"e-con-inner\">\n\t\t\t\t<div class=\"elementor-element elementor-element-3b77e48 elementor-widget__width-initial elementor-widget-mobile__width-inherit elementor-widget elementor-widget-text-editor\" data-id=\"3b77e48\" data-element_type=\"widget\" data-widget_type=\"text-editor.default\">\n\t\t\t\t<div class=\"elementor-widget-container\">\n\t\t\t\t\t\t\t\t\t\n\u2022 Deblokada i \u010di\u0161\u0107enje blokada u energetskom, fizi\u010dkom i emocionalnom sustavu.<br>\n\u2022 Ubla\u017eavanje stresa i smanjenje napetosti u tijelu.<br>\n\u2022 Prelazak na vi\u0161e razine svijesti i vibracije.<br>\n\u2022 Emocionalno osloba\u0111anje, proboji i zavr\u0161etak ciklusa traume.<br>\n\u2022 Pove\u0107ana svjesnost, otpu\u0161tanje ograni\u010davaju\u0107ih uvjerenja.<br>\n\u2022 Umiruju\u0107e djelovanje na op\u0107e stanje.\t\t\t\t\t\t\t\t<\/div>\n\t\t\t\t<\/div>\n\t\t\t\t\t<\/div>\n\t\t\t\t<\/div>\n\t\t\t\t<\/div>\n\t\t<div class=\"elementor-element elementor-element-b9db6e1 e-con-full e-flex e-con e-parent\" data-id=\"b9db6e1\" data-element_type=\"container\" data-settings=\"{&quot;jet_parallax_layout_list&quot;:[]}\">\n\t\t<div class=\"elementor-element elementor-element-129afcb e-flex e-con-boxed e-con e-child\" data-id=\"129afcb\" data-element_type=\"container\" data-settings=\"{&quot;background_background&quot;:&quot;classic&quot;,&quot;jet_parallax_layout_list&quot;:[]}\">\n\t\t\t\t\t<div class=\"e-con-inner\">\n\t\t\t\t\t<\/div>\n\t\t\t\t<\/div>\n\t\t<div class=\"elementor-element elementor-element-ae6762c e-flex e-con-boxed e-con e-child\" data-id=\"ae6762c\" data-element_type=\"container\" data-settings=\"{&quot;jet_parallax_layout_list&quot;:[]}\">\n\t\t\t\t\t<div class=\"e-con-inner\">\n\t\t\t\t<div class=\"elementor-element elementor-element-0dde590 elementor-widget__width-initial elementor-widget-mobile__width-inherit elementor-widget elementor-widget-text-editor\" data-id=\"0dde590\" data-element_type=\"widget\" data-widget_type=\"text-editor.default\">\n\t\t\t\t<div class=\"elementor-widget-container\">\n\t\t\t\t\t\t\t\t\t\u2022 Ve\u0107a svjesnost tijela, uma i energije, probu\u0111ena intuicija.<br>\n\u2022 Vi\u0161e energije.<br>\n\u2022 Vi\u0161e unutarnjeg sklada. <br>\n\u2022 Otkrivanje na\u0161e prave misije.<br>\n\u2022 Uklanjanje slojeva dru\u0161tvene uvjetovanosti.<br>\n\u2022 Duhovno bu\u0111enje i iskustvo jedinstva.\t\t\t\t\t\t\t\t<\/div>\n\t\t\t\t<\/div>\n\t\t\t\t\t<\/div>\n\t\t\t\t<\/div>\n\t\t\t\t<\/div>\n\t\t\t\t<\/div>","protected":false},"excerpt":{"rendered":"<p>Why are we doing this work? Find out what benefits our work brings to youEmotional Release: Relieve built up tension and unprocessed emotions from your physical and emotional system (sadness, anger, loneliness, heartbreak, joy).Regulated Nervous System: Relief of stress, anxiety and tension in your body; experience more calm and stop the pattern of constantly being [&hellip;]<\/p>","protected":false},"author":6,"featured_media":0,"parent":0,"menu_order":0,"comment_status":"closed","ping_status":"closed","template":"","meta":{"footnotes":""},"class_list":["post-2472","page","type-page","status-publish","hentry"],"_links":{"self":[{"href":"https:\/\/alivenesskundalini.com\/hr\/wp-json\/wp\/v2\/pages\/2472","targetHints":{"allow":["GET"]}}],"collection":[{"href":"https:\/\/alivenesskundalini.com\/hr\/wp-json\/wp\/v2\/pages"}],"about":[{"href":"https:\/\/alivenesskundalini.com\/hr\/wp-json\/wp\/v2\/types\/page"}],"author":[{"embeddable":true,"href":"https:\/\/alivenesskundalini.com\/hr\/wp-json\/wp\/v2\/users\/6"}],"replies":[{"embeddable":true,"href":"https:\/\/alivenesskundalini.com\/hr\/wp-json\/wp\/v2\/comments?post=2472"}],"version-history":[{"count":148,"href":"https:\/\/alivenesskundalini.com\/hr\/wp-json\/wp\/v2\/pages\/2472\/revisions"}],"predecessor-version":[{"id":6470,"href":"https:\/\/alivenesskundalini.com\/hr\/wp-json\/wp\/v2\/pages\/2472\/revisions\/6470"}],"wp:attachment":[{"href":"https:\/\/alivenesskundalini.com\/hr\/wp-json\/wp\/v2\/media?parent=2472"}],"curies":[{"name":"wp","href":"https:\/\/api.w.org\/{rel}","templated":true}]}}