{"id":2480,"date":"2024-05-15T11:09:12","date_gmt":"2024-05-15T11:09:12","guid":{"rendered":"https:\/\/alivenesskundalini.com\/?page_id=2480"},"modified":"2025-01-13T19:31:59","modified_gmt":"2025-01-13T18:31:59","slug":"suglasnost","status":"publish","type":"page","link":"https:\/\/alivenesskundalini.com\/hr\/suglasnost\/","title":{"rendered":"Suglasnost"},"content":{"rendered":"<div data-elementor-type=\"wp-page\" data-elementor-id=\"2480\" class=\"elementor elementor-2480\" data-elementor-post-type=\"page\">\n\t\t\t\t<div class=\"elementor-element elementor-element-a909394 e-flex e-con-boxed e-con e-parent\" data-id=\"a909394\" data-element_type=\"container\" data-settings=\"{&quot;background_background&quot;:&quot;classic&quot;,&quot;jet_parallax_layout_list&quot;:[]}\">\n\t\t\t\t\t<div class=\"e-con-inner\">\n\t\t<div class=\"elementor-element elementor-element-13ea4be e-flex e-con-boxed e-con e-child\" data-id=\"13ea4be\" data-element_type=\"container\" data-settings=\"{&quot;jet_parallax_layout_list&quot;:[],&quot;background_background&quot;:&quot;classic&quot;}\">\n\t\t\t\t\t<div class=\"e-con-inner\">\n\t\t<div class=\"elementor-element elementor-element-75b8cae e-flex e-con-boxed e-con e-child\" data-id=\"75b8cae\" data-element_type=\"container\" data-settings=\"{&quot;jet_parallax_layout_list&quot;:[]}\">\n\t\t\t\t\t<div class=\"e-con-inner\">\n\t\t\t\t<div class=\"elementor-element elementor-element-62f43c2 elementor-widget elementor-widget-heading\" data-id=\"62f43c2\" data-element_type=\"widget\" data-widget_type=\"heading.default\">\n\t\t\t\t<div class=\"elementor-widget-container\">\n\t\t\t\t\t<h2 class=\"elementor-heading-title elementor-size-default\">Suglasnost<\/h2>\t\t\t\t<\/div>\n\t\t\t\t<\/div>\n\t\t\t\t\t<\/div>\n\t\t\t\t<\/div>\n\t\t<div class=\"elementor-element elementor-element-9a16efc e-flex e-con-boxed e-con e-child\" data-id=\"9a16efc\" data-element_type=\"container\" data-settings=\"{&quot;jet_parallax_layout_list&quot;:[]}\">\n\t\t\t\t\t<div class=\"e-con-inner\">\n\t\t\t\t<div class=\"elementor-element elementor-element-5cbba09 elementor-widget elementor-widget-text-editor\" data-id=\"5cbba09\" data-element_type=\"widget\" data-widget_type=\"text-editor.default\">\n\t\t\t\t<div class=\"elementor-widget-container\">\n\t\t\t\t\t\t\t\t\t<p>Iako je ova metoda jo\u0161 uvijek vrlo korisna za veliku ve\u0107inu ljudi, uvijek postoje upozorenja. Prije nego \u0161to do\u0111ete na seansu, odvojite vrijeme i pro\u010ditajte obrazac pristanka. Sudjelovanjem u sesiji potvr\u0111ujete da ste pro\u010ditali, razumjeli i da se sla\u017eete s uvjetima ove izjave te potvr\u0111ujete da ste odgovorni za svoje zdravlje, mentalno stanje, odluke i postupke koji proizlaze iz sesije i procesa.\nRezultati se mogu razlikovati od sudionika do sudionika. Nema pravnih, medicinskih, psiholo\u0161kih ili drugih stru\u010dnih savjeta, to ne nudimo. Za bilo kakav takav savjet ili pomo\u0107 vam preporu\u010damo da se obratite ovla\u0161tenom stru\u010dnjaku.<\/p>\t\t\t\t\t\t\t\t<\/div>\n\t\t\t\t<\/div>\n\t\t\t\t<div class=\"elementor-element elementor-element-ad8620c elementor-widget elementor-widget-text-editor\" data-id=\"ad8620c\" data-element_type=\"widget\" data-widget_type=\"text-editor.default\">\n\t\t\t\t<div class=\"elementor-widget-container\">\n\t\t\t\t\t\t\t\t\t<p>Seansa NIJE PRIKLADNA za osobe koje imaju ili su imale u pro\u0161losti bilo kakvu mentalnu nestabilnost kao \u0161to su manija, deluzije, bipolarni poreme\u0107aj, shizofrenija, psihoza ili bilo koje drugo nestabilno psihi\u010dko stanje, niti se preporu\u010duje trudnicama. Osobe s blagom do umjerenom depresijom ili anksiozno\u0161\u0107u \u010desto prona\u0111u olak\u0161anje u energetskim seansama, ali to nije zagarantiran slu\u010daj.\nUpotreba psihoaktivnih biljaka kao \u0161to su ayahuasca\/kambo\/bufo, droge ili alkohol u kombinaciji s ovom seansom NIJE\nPREPORU\u010cENO.<\/p>\t\t\t\t\t\t\t\t<\/div>\n\t\t\t\t<\/div>\n\t\t\t\t<div class=\"elementor-element elementor-element-9d3ca76 elementor-widget elementor-widget-text-editor\" data-id=\"9d3ca76\" data-element_type=\"widget\" data-widget_type=\"text-editor.default\">\n\t\t\t\t<div class=\"elementor-widget-container\">\n\t\t\t\t\t\t\t\t\t<p>PRISTANAK: ZA SUDJELOVANJE POTVR\u0110UJEM DA IMAM 18 ILI VI\u0160E GODINA, DA NISAM TRUDNA TE DA SAM PA\u017dLJIVO PRO\u010cITALA\/PRO\u010cITAO OVU IZJAVU I RAZUMIJEM NJEZIN SADR\u017dAJ. SUDJELOVANJEM NA SESIJI KUNDALINI ENERGIJE, BILO OSOBNO ILI ONLINE RAZUMIJEM DA MOJE SUDJELOVANJE PREDSTAVLJA MOJ POTPUNI PRISTANAK I\nMOJU VLASTITU ODGOVORNOST ZA SVE PROCESE.<\/p>\t\t\t\t\t\t\t\t<\/div>\n\t\t\t\t<\/div>\n\t\t\t\t\t<\/div>\n\t\t\t\t<\/div>\n\t\t<div class=\"elementor-element elementor-element-1447111 e-flex e-con-boxed e-con e-child\" data-id=\"1447111\" data-element_type=\"container\" data-settings=\"{&quot;jet_parallax_layout_list&quot;:[]}\">\n\t\t\t\t\t<div class=\"e-con-inner\">\n\t\t\t\t<div class=\"elementor-element elementor-element-e5439cd elementor-button-align-end elementor-widget elementor-widget-form\" data-id=\"e5439cd\" data-element_type=\"widget\" data-settings=\"{&quot;step_next_label&quot;:&quot;Next&quot;,&quot;step_previous_label&quot;:&quot;Previous&quot;,&quot;button_width&quot;:&quot;100&quot;,&quot;step_type&quot;:&quot;number_text&quot;,&quot;step_icon_shape&quot;:&quot;circle&quot;}\" data-widget_type=\"form.default\">\n\t\t\t\t<div class=\"elementor-widget-container\">\n\t\t\t\t\t\t\t<form class=\"elementor-form\" method=\"post\" name=\"New Form\" aria-label=\"New Form\" action=\"\">\n\t\t\t<input type=\"hidden\" name=\"post_id\" value=\"2480\"\/>\n\t\t\t<input type=\"hidden\" name=\"form_id\" value=\"e5439cd\"\/>\n\t\t\t<input type=\"hidden\" name=\"referer_title\" value=\"Disclimer\" \/>\n\n\t\t\t\t\t\t\t<input type=\"hidden\" name=\"queried_id\" value=\"2480\"\/>\n\t\t\t\n\t\t\t<div class=\"elementor-form-fields-wrapper elementor-labels-above\">\n\t\t\t\t\t\t\t\t<div class=\"elementor-field-type-acceptance elementor-field-group elementor-column elementor-field-group-field_6f0adef elementor-col-100 elementor-field-required\">\n\t\t\t\t\t\t\t<div class=\"elementor-field-subgroup\">\n\t\t\t<span class=\"elementor-field-option\">\n\t\t\t\t<input type=\"checkbox\" name=\"form_fields[field_6f0adef]\" id=\"form-field-field_6f0adef\" class=\"elementor-field elementor-size-sm  elementor-acceptance-field\" required=\"required\">\n\t\t\t\t<label for=\"form-field-field_6f0adef\">SLA\u017dEM SE NA SVE GORE NAVEDENO<\/label>\t\t\t<\/span>\n\t\t<\/div>\n\t\t\t\t\t\t<\/div>\n\t\t\t\t\t\t\t\t<div class=\"elementor-field-type-text elementor-field-group elementor-column elementor-field-group-name elementor-col-50 elementor-field-required\">\n\t\t\t\t\t\t\t\t\t\t\t\t\t<input size=\"1\" type=\"text\" name=\"form_fields[name]\" id=\"form-field-name\" class=\"elementor-field elementor-size-sm  elementor-field-textual\" placeholder=\"Ime\" required=\"required\">\n\t\t\t\t\t\t\t\t\t\t\t<\/div>\n\t\t\t\t\t\t\t\t<div class=\"elementor-field-type-email elementor-field-group elementor-column elementor-field-group-email elementor-col-50 elementor-field-required\">\n\t\t\t\t\t\t\t\t\t\t\t\t\t<input size=\"1\" type=\"email\" name=\"form_fields[email]\" id=\"form-field-email\" class=\"elementor-field elementor-size-sm  elementor-field-textual\" placeholder=\"E-po\u0161ta\" required=\"required\">\n\t\t\t\t\t\t\t\t\t\t\t<\/div>\n\t\t\t\t\t\t\t\t<div class=\"elementor-field-group elementor-column elementor-field-type-submit elementor-col-100 e-form__buttons\">\n\t\t\t\t\t<button class=\"elementor-button elementor-size-sm\" type=\"submit\">\n\t\t\t\t\t\t<span class=\"elementor-button-content-wrapper\">\n\t\t\t\t\t\t\t\t\t\t\t\t\t\t\t\t\t\t\t\t\t\t<span class=\"elementor-button-text\">Poslati<\/span>\n\t\t\t\t\t\t\t\t\t\t\t\t\t<\/span>\n\t\t\t\t\t<\/button>\n\t\t\t\t<\/div>\n\t\t\t<\/div>\n\t\t<input type=\"hidden\" name=\"trp-form-language\" value=\"hr\"\/><\/form>\n\t\t\t\t\t\t<\/div>\n\t\t\t\t<\/div>\n\t\t\t\t\t<\/div>\n\t\t\t\t<\/div>\n\t\t\t\t\t<\/div>\n\t\t\t\t<\/div>\n\t\t\t\t\t<\/div>\n\t\t\t\t<\/div>\n\t\t\t\t<\/div>","protected":false},"excerpt":{"rendered":"<p>Disclaimer While this modality remains hugely beneficial for the vast majority of people, precautions do exist. Please take a moment to read through this Informed Consent before attending this session. By attending the session, you hereby affirm that you have read, understood and agree with the terms and conditions of this disclaimer and that you [&hellip;]<\/p>","protected":false},"author":6,"featured_media":0,"parent":0,"menu_order":0,"comment_status":"closed","ping_status":"closed","template":"","meta":{"footnotes":""},"class_list":["post-2480","page","type-page","status-publish","hentry"],"_links":{"self":[{"href":"https:\/\/alivenesskundalini.com\/hr\/wp-json\/wp\/v2\/pages\/2480","targetHints":{"allow":["GET"]}}],"collection":[{"href":"https:\/\/alivenesskundalini.com\/hr\/wp-json\/wp\/v2\/pages"}],"about":[{"href":"https:\/\/alivenesskundalini.com\/hr\/wp-json\/wp\/v2\/types\/page"}],"author":[{"embeddable":true,"href":"https:\/\/alivenesskundalini.com\/hr\/wp-json\/wp\/v2\/users\/6"}],"replies":[{"embeddable":true,"href":"https:\/\/alivenesskundalini.com\/hr\/wp-json\/wp\/v2\/comments?post=2480"}],"version-history":[{"count":55,"href":"https:\/\/alivenesskundalini.com\/hr\/wp-json\/wp\/v2\/pages\/2480\/revisions"}],"predecessor-version":[{"id":8390,"href":"https:\/\/alivenesskundalini.com\/hr\/wp-json\/wp\/v2\/pages\/2480\/revisions\/8390"}],"wp:attachment":[{"href":"https:\/\/alivenesskundalini.com\/hr\/wp-json\/wp\/v2\/media?parent=2480"}],"curies":[{"name":"wp","href":"https:\/\/api.w.org\/{rel}","templated":true}]}}