{"id":5115,"date":"2024-05-31T16:10:23","date_gmt":"2024-05-31T16:10:23","guid":{"rendered":"https:\/\/alivenesskundalini.com\/?page_id=5115"},"modified":"2024-09-16T19:56:03","modified_gmt":"2024-09-16T17:56:03","slug":"informacije_o_tvrtki","status":"publish","type":"page","link":"https:\/\/alivenesskundalini.com\/hr\/informacije_o_tvrtki\/","title":{"rendered":"Kontakt i podaci o tvrtki"},"content":{"rendered":"<div data-elementor-type=\"wp-page\" data-elementor-id=\"5115\" class=\"elementor elementor-5115\" data-elementor-post-type=\"page\">\n\t\t\t\t<div class=\"elementor-element elementor-element-6eae5d8 e-con-full e-flex e-con e-parent\" data-id=\"6eae5d8\" data-element_type=\"container\" data-settings=\"{&quot;jet_parallax_layout_list&quot;:[]}\">\n\t\t<div class=\"elementor-element elementor-element-fe31ad0 e-flex e-con-boxed e-con e-child\" data-id=\"fe31ad0\" data-element_type=\"container\" data-settings=\"{&quot;jet_parallax_layout_list&quot;:[]}\">\n\t\t\t\t\t<div class=\"e-con-inner\">\n\t\t\t\t<div class=\"elementor-element elementor-element-2c06597 elementor-widget elementor-widget-heading\" data-id=\"2c06597\" data-element_type=\"widget\" data-widget_type=\"heading.default\">\n\t\t\t\t<div class=\"elementor-widget-container\">\n\t\t\t\t\t<h2 class=\"elementor-heading-title elementor-size-default\">Kontakt i podaci o tvrtki\n<\/h2>\t\t\t\t<\/div>\n\t\t\t\t<\/div>\n\t\t\t\t<div class=\"elementor-element elementor-element-f85d2c5 elementor-widget elementor-widget-spacer\" data-id=\"f85d2c5\" data-element_type=\"widget\" data-widget_type=\"spacer.default\">\n\t\t\t\t<div class=\"elementor-widget-container\">\n\t\t\t\t\t\t\t<div class=\"elementor-spacer\">\n\t\t\t<div class=\"elementor-spacer-inner\"><\/div>\n\t\t<\/div>\n\t\t\t\t\t\t<\/div>\n\t\t\t\t<\/div>\n\t\t\t\t<div class=\"elementor-element elementor-element-270244c elementor-widget elementor-widget-heading\" data-id=\"270244c\" data-element_type=\"widget\" data-widget_type=\"heading.default\">\n\t\t\t\t<div class=\"elementor-widget-container\">\n\t\t\t\t\t<h2 class=\"elementor-heading-title elementor-size-default\">Podaci za kontakt\n\n<\/h2>\t\t\t\t<\/div>\n\t\t\t\t<\/div>\n\t\t\t\t<div class=\"elementor-element elementor-element-284f188 elementor-widget elementor-widget-spacer\" data-id=\"284f188\" data-element_type=\"widget\" data-widget_type=\"spacer.default\">\n\t\t\t\t<div class=\"elementor-widget-container\">\n\t\t\t\t\t\t\t<div class=\"elementor-spacer\">\n\t\t\t<div class=\"elementor-spacer-inner\"><\/div>\n\t\t<\/div>\n\t\t\t\t\t\t<\/div>\n\t\t\t\t<\/div>\n\t\t\t\t<div class=\"elementor-element elementor-element-8fd4475 elementor-widget elementor-widget-text-editor\" data-id=\"8fd4475\" data-element_type=\"widget\" data-widget_type=\"text-editor.default\">\n\t\t\t\t<div class=\"elementor-widget-container\">\n\t\t\t\t\t\t\t\t\t<p>Mo\u017eete nas kontaktirati u bilo kojem trenutku s pitanjima ili nedoumicama u vezi s na\u0161im Uvjetima kori\u0161tenja i Politikom privatnosti. Da biste to u\u010dinili, po\u0161aljite nam e-po\u0161tu na aliveness.kundalini@gmail.com<\/p>\t\t\t\t\t\t\t\t<\/div>\n\t\t\t\t<\/div>\n\t\t\t\t<div class=\"elementor-element elementor-element-18a4e59 elementor-widget elementor-widget-heading\" data-id=\"18a4e59\" data-element_type=\"widget\" data-widget_type=\"heading.default\">\n\t\t\t\t<div class=\"elementor-widget-container\">\n\t\t\t\t\t<h2 class=\"elementor-heading-title elementor-size-default\">detalji tvrtke\n\n<\/h2>\t\t\t\t<\/div>\n\t\t\t\t<\/div>\n\t\t\t\t<div class=\"elementor-element elementor-element-5bd0442 elementor-widget elementor-widget-spacer\" data-id=\"5bd0442\" data-element_type=\"widget\" data-widget_type=\"spacer.default\">\n\t\t\t\t<div class=\"elementor-widget-container\">\n\t\t\t\t\t\t\t<div class=\"elementor-spacer\">\n\t\t\t<div class=\"elementor-spacer-inner\"><\/div>\n\t\t<\/div>\n\t\t\t\t\t\t<\/div>\n\t\t\t\t<\/div>\n\t\t\t\t<div class=\"elementor-element elementor-element-554a036 elementor-widget elementor-widget-text-editor\" data-id=\"554a036\" data-element_type=\"widget\" data-widget_type=\"text-editor.default\">\n\t\t\t\t<div class=\"elementor-widget-container\">\n\t\t\t\t\t\t\t\t\t<p><strong>Legalno ime:<\/strong> \u017divost Kundalini doo<\/p><p><strong>Mjesto registracije:<\/strong> Bosna i Hercegovina<\/p><p><strong>Registrirana adresa ureda:<\/strong> Ulica Mladena Stojanovi\u0107a 26, 78000 Banja Luka, Bosna i Hercegovina<\/p><p><strong>Registrirani broj (JIB):<\/strong> 4405230650009<\/p><p><strong>Email za kontakt:<\/strong> aliveness.kundalini@gmail.com<\/p><p><strong>Kontakt telefon:<\/strong>\u00a0+386 68137387\u00a0<\/p>\t\t\t\t\t\t\t\t<\/div>\n\t\t\t\t<\/div>\n\t\t\t\t<div class=\"elementor-element elementor-element-abc1714 elementor-widget elementor-widget-heading\" data-id=\"abc1714\" data-element_type=\"widget\" data-widget_type=\"heading.default\">\n\t\t\t\t<div class=\"elementor-widget-container\">\n\t\t\t\t\t<h2 class=\"elementor-heading-title elementor-size-default\">To\u010dan opis i cijena\n\n<\/h2>\t\t\t\t<\/div>\n\t\t\t\t<\/div>\n\t\t\t\t<div class=\"elementor-element elementor-element-b696b6f elementor-widget elementor-widget-spacer\" data-id=\"b696b6f\" data-element_type=\"widget\" data-widget_type=\"spacer.default\">\n\t\t\t\t<div class=\"elementor-widget-container\">\n\t\t\t\t\t\t\t<div class=\"elementor-spacer\">\n\t\t\t<div class=\"elementor-spacer-inner\"><\/div>\n\t\t<\/div>\n\t\t\t\t\t\t<\/div>\n\t\t\t\t<\/div>\n\t\t\t\t<div class=\"elementor-element elementor-element-6011c72 elementor-widget elementor-widget-text-editor\" data-id=\"6011c72\" data-element_type=\"widget\" data-widget_type=\"text-editor.default\">\n\t\t\t\t<div class=\"elementor-widget-container\">\n\t\t\t\t\t\t\t\t\t<p>Nastojimo pru\u017eiti to\u010dne opise i cijene za sve usluge dostupne za rezervaciju. Cijene su prikazane u eurima (\u20ac). Ako prona\u0111ete bilo kakva odstupanja, odmah nas kontaktirajte na aliveness.kundalini@gmail.com<\/p>\t\t\t\t\t\t\t\t<\/div>\n\t\t\t\t<\/div>\n\t\t<div class=\"elementor-element elementor-element-7269544 e-flex e-con-boxed e-con e-child\" data-id=\"7269544\" data-element_type=\"container\" data-settings=\"{&quot;jet_parallax_layout_list&quot;:[]}\">\n\t\t\t\t\t<div class=\"e-con-inner\">\n\t\t<div class=\"elementor-element elementor-element-4f3dde0 e-con-full e-flex e-con e-child\" data-id=\"4f3dde0\" data-element_type=\"container\" data-settings=\"{&quot;jet_parallax_layout_list&quot;:[]}\">\n\t\t\t\t<div class=\"elementor-element elementor-element-f5bd0e4 elementor-widget elementor-widget-heading\" data-id=\"f5bd0e4\" data-element_type=\"widget\" data-widget_type=\"heading.default\">\n\t\t\t\t<div class=\"elementor-widget-container\">\n\t\t\t\t\t<h2 class=\"elementor-heading-title elementor-size-default\">Metode Pla\u010danja\n\n<\/h2>\t\t\t\t<\/div>\n\t\t\t\t<\/div>\n\t\t\t\t<div class=\"elementor-element elementor-element-6f478c5 elementor-widget__width-initial elementor-widget elementor-widget-text-editor\" data-id=\"6f478c5\" data-element_type=\"widget\" data-widget_type=\"text-editor.default\">\n\t\t\t\t<div class=\"elementor-widget-container\">\n\t\t\t\t\t\t\t\t\t<p>Prihva\u0107amo sljede\u0107e na\u010dine pla\u0107anja:<\/p>\n<p><\/p>\n<ul>\n<li>Kreditne\/debitne kartice<\/li>\n<li>(Mastercard, Maestro, Visa)<\/li>\n<\/ul>\t\t\t\t\t\t\t\t<\/div>\n\t\t\t\t<\/div>\n\t\t\t\t<\/div>\n\t\t<div class=\"elementor-element elementor-element-024007b e-flex e-con-boxed e-con e-child\" data-id=\"024007b\" data-element_type=\"container\" data-settings=\"{&quot;jet_parallax_layout_list&quot;:[]}\">\n\t\t\t\t\t<div class=\"e-con-inner\">\n\t\t<div class=\"elementor-element elementor-element-162c6d4 e-con-full e-flex e-con e-child\" data-id=\"162c6d4\" data-element_type=\"container\" data-settings=\"{&quot;jet_parallax_layout_list&quot;:[]}\">\n\t\t\t\t<div class=\"elementor-element elementor-element-14b187f elementor-widget elementor-widget-image\" data-id=\"14b187f\" data-element_type=\"widget\" data-widget_type=\"image.default\">\n\t\t\t\t<div class=\"elementor-widget-container\">\n\t\t\t\t\t\t\t\t\t\t\t\t\t\t\t\t<a href=\"http:\/\/www.mastercard.com\/\" target=\"_blank\">\n\t\t\t\t\t\t\t<img decoding=\"async\" width=\"219\" height=\"180\" src=\"https:\/\/alivenesskundalini.com\/wp-content\/uploads\/2020\/03\/mc_vrt_opt_pos_73_3x.png\" class=\"attachment-full size-full wp-image-7411\" alt=\"\" srcset=\"https:\/\/alivenesskundalini.com\/wp-content\/uploads\/2020\/03\/mc_vrt_opt_pos_73_3x.png 219w, https:\/\/alivenesskundalini.com\/wp-content\/uploads\/2020\/03\/mc_vrt_opt_pos_73_3x-15x12.png 15w\" sizes=\"(max-width: 219px) 100vw, 219px\" \/>\t\t\t\t\t\t\t\t<\/a>\n\t\t\t\t\t\t\t\t\t\t\t\t\t\t\t<\/div>\n\t\t\t\t<\/div>\n\t\t\t\t<div class=\"elementor-element elementor-element-d33245a elementor-widget elementor-widget-image\" data-id=\"d33245a\" data-element_type=\"widget\" data-widget_type=\"image.default\">\n\t\t\t\t<div class=\"elementor-widget-container\">\n\t\t\t\t\t\t\t\t\t\t\t\t\t\t\t\t<a href=\"https:\/\/brand.mastercard.com\/brandcenter\/more-about-our-brands.html\" target=\"_blank\">\n\t\t\t\t\t\t\t<img decoding=\"async\" width=\"135\" height=\"111\" src=\"https:\/\/alivenesskundalini.com\/wp-content\/uploads\/2024\/09\/ms_vrt_opt_pos_45_3x.png\" class=\"attachment-full size-full wp-image-7421\" alt=\"\" srcset=\"https:\/\/alivenesskundalini.com\/wp-content\/uploads\/2024\/09\/ms_vrt_opt_pos_45_3x.png 135w, https:\/\/alivenesskundalini.com\/wp-content\/uploads\/2024\/09\/ms_vrt_opt_pos_45_3x-15x12.png 15w\" sizes=\"(max-width: 135px) 100vw, 135px\" \/>\t\t\t\t\t\t\t\t<\/a>\n\t\t\t\t\t\t\t\t\t\t\t\t\t\t\t<\/div>\n\t\t\t\t<\/div>\n\t\t\t\t<div class=\"elementor-element elementor-element-f5feb26 elementor-widget elementor-widget-image\" data-id=\"f5feb26\" data-element_type=\"widget\" data-widget_type=\"image.default\">\n\t\t\t\t<div class=\"elementor-widget-container\">\n\t\t\t\t\t\t\t\t\t\t\t\t\t\t\t\t<a href=\"https:\/\/www.visaeurope.com\/\" target=\"_blank\">\n\t\t\t\t\t\t\t<img decoding=\"async\" width=\"208\" height=\"68\" src=\"https:\/\/alivenesskundalini.com\/wp-content\/uploads\/2020\/03\/logo.png\" class=\"attachment-full size-full wp-image-7394\" alt=\"\" srcset=\"https:\/\/alivenesskundalini.com\/wp-content\/uploads\/2020\/03\/logo.png 208w, https:\/\/alivenesskundalini.com\/wp-content\/uploads\/2020\/03\/logo-18x6.png 18w\" sizes=\"(max-width: 208px) 100vw, 208px\" \/>\t\t\t\t\t\t\t\t<\/a>\n\t\t\t\t\t\t\t\t\t\t\t\t\t\t\t<\/div>\n\t\t\t\t<\/div>\n\t\t\t\t<div class=\"elementor-element elementor-element-1332286 elementor-widget elementor-widget-image\" data-id=\"1332286\" data-element_type=\"widget\" data-widget_type=\"image.default\">\n\t\t\t\t<div class=\"elementor-widget-container\">\n\t\t\t\t\t\t\t\t\t\t\t\t\t\t\t\t<a href=\"https:\/\/monri.com\/\" target=\"_blank\">\n\t\t\t\t\t\t\t<img loading=\"lazy\" decoding=\"async\" width=\"1408\" height=\"413\" src=\"https:\/\/alivenesskundalini.com\/wp-content\/uploads\/2020\/03\/UniCredit-Bank-logo-1.png\" class=\"attachment-full size-full wp-image-7415\" alt=\"\" srcset=\"https:\/\/alivenesskundalini.com\/wp-content\/uploads\/2020\/03\/UniCredit-Bank-logo-1.png 1408w, https:\/\/alivenesskundalini.com\/wp-content\/uploads\/2020\/03\/UniCredit-Bank-logo-1-300x88.png 300w, https:\/\/alivenesskundalini.com\/wp-content\/uploads\/2020\/03\/UniCredit-Bank-logo-1-1024x300.png 1024w, https:\/\/alivenesskundalini.com\/wp-content\/uploads\/2020\/03\/UniCredit-Bank-logo-1-768x225.png 768w, https:\/\/alivenesskundalini.com\/wp-content\/uploads\/2020\/03\/UniCredit-Bank-logo-1-18x5.png 18w, https:\/\/alivenesskundalini.com\/wp-content\/uploads\/2020\/03\/UniCredit-Bank-logo-1-600x176.png 600w\" sizes=\"(max-width: 1408px) 100vw, 1408px\" \/>\t\t\t\t\t\t\t\t<\/a>\n\t\t\t\t\t\t\t\t\t\t\t\t\t\t\t<\/div>\n\t\t\t\t<\/div>\n\t\t\t\t<\/div>\n\t\t\t\t\t<\/div>\n\t\t\t\t<\/div>\n\t\t\t\t\t<\/div>\n\t\t\t\t<\/div>\n\t\t\t\t<div class=\"elementor-element elementor-element-3f18e14 elementor-widget elementor-widget-spacer\" data-id=\"3f18e14\" data-element_type=\"widget\" data-widget_type=\"spacer.default\">\n\t\t\t\t<div class=\"elementor-widget-container\">\n\t\t\t\t\t\t\t<div class=\"elementor-spacer\">\n\t\t\t<div class=\"elementor-spacer-inner\"><\/div>\n\t\t<\/div>\n\t\t\t\t\t\t<\/div>\n\t\t\t\t<\/div>\n\t\t\t\t<div class=\"elementor-element elementor-element-0deb2eb elementor-widget elementor-widget-heading\" data-id=\"0deb2eb\" data-element_type=\"widget\" data-widget_type=\"heading.default\">\n\t\t\t\t<div class=\"elementor-widget-container\">\n\t\t\t\t\t<h2 class=\"elementor-heading-title elementor-size-default\">Kliknite za prihva\u0107anje okvira\n\n<\/h2>\t\t\t\t<\/div>\n\t\t\t\t<\/div>\n\t\t\t\t<div class=\"elementor-element elementor-element-061c546 elementor-widget elementor-widget-text-editor\" data-id=\"061c546\" data-element_type=\"widget\" data-widget_type=\"text-editor.default\">\n\t\t\t\t<div class=\"elementor-widget-container\">\n\t\t\t\t\t\t\t\t\tOstvarivanjem rezervacije pristajete na na\u0161e Uvjete i odredbe te Politiku otkazivanja.\t\t\t\t\t\t\t\t<\/div>\n\t\t\t\t<\/div>\n\t\t\t\t\t<\/div>\n\t\t\t\t<\/div>\n\t\t\t\t<\/div>\n\t\t\t\t<\/div>","protected":false},"excerpt":{"rendered":"<p>Contact and Company Info Contact Information You may contact us at any time with questions or concerns regarding our Terms of Use and Privacy Policy. To do so, please email us at aliveness.kundalini@gmail.com Company Details Legal Name: Aliveness Kundalini d.o.o. Place of Registration: Bosnia and Herzegovina Registered Office Address: Ulica Mladena Stojanovi\u0107a 26, 78000 Banja [&hellip;]<\/p>","protected":false},"author":6,"featured_media":0,"parent":0,"menu_order":0,"comment_status":"closed","ping_status":"closed","template":"","meta":{"footnotes":""},"class_list":["post-5115","page","type-page","status-publish","hentry"],"_links":{"self":[{"href":"https:\/\/alivenesskundalini.com\/hr\/wp-json\/wp\/v2\/pages\/5115","targetHints":{"allow":["GET"]}}],"collection":[{"href":"https:\/\/alivenesskundalini.com\/hr\/wp-json\/wp\/v2\/pages"}],"about":[{"href":"https:\/\/alivenesskundalini.com\/hr\/wp-json\/wp\/v2\/types\/page"}],"author":[{"embeddable":true,"href":"https:\/\/alivenesskundalini.com\/hr\/wp-json\/wp\/v2\/users\/6"}],"replies":[{"embeddable":true,"href":"https:\/\/alivenesskundalini.com\/hr\/wp-json\/wp\/v2\/comments?post=5115"}],"version-history":[{"count":54,"href":"https:\/\/alivenesskundalini.com\/hr\/wp-json\/wp\/v2\/pages\/5115\/revisions"}],"predecessor-version":[{"id":7428,"href":"https:\/\/alivenesskundalini.com\/hr\/wp-json\/wp\/v2\/pages\/5115\/revisions\/7428"}],"wp:attachment":[{"href":"https:\/\/alivenesskundalini.com\/hr\/wp-json\/wp\/v2\/media?parent=5115"}],"curies":[{"name":"wp","href":"https:\/\/api.w.org\/{rel}","templated":true}]}}