{"id":6227,"date":"2024-06-12T20:23:36","date_gmt":"2024-06-12T20:23:36","guid":{"rendered":"https:\/\/alivenesskundalini.com\/?post_type=product&#038;p=6227"},"modified":"2024-08-08T12:52:03","modified_gmt":"2024-08-08T10:52:03","slug":"online-sesija-uzivo","status":"publish","type":"product","link":"https:\/\/alivenesskundalini.com\/hr\/proizvod\/online-sesija-uzivo\/","title":{"rendered":"Grupna sesija putem Zooma"},"content":{"rendered":"<p>Ne postoji odvojenost vremena i prostora u kvantnom polju, tako da su online seanse jednako u\u010dinkovite kao i sesije u\u017eivo, budu\u0107i da do\u017eivljavamo i primamo istu razinu i intenzitet energije.<\/p>\n<p>Kada radimo s energetskim tijelom, radimo s mentalnim, fizi\u010dkim i emocionalnim aspektima na\u0161eg bi\u0107a.<\/p>\n<p>Energetsko tijelo je lako dostupno s bilo kojeg mjesta i ne zahtijeva granice fizi\u010dke prisutnosti.<\/p>\n<p>Intenzitet frekvencije je isti.<\/p>\n<p>Tijekom sesije opu\u0161tamo se i prepu\u0161tamo.<\/p>\n<p>Otvaramo se novom iskustvu bez o\u010dekivanja.<\/p>\n<p>&nbsp;<\/p>\n<p>\u0160TO VAM TREBA:<\/p>\n<ul>\n<li>Preuzmite aplikaciju Zoom<\/li>\n<li>Glazbu \u0107u dijeliti na Zoomu, stoga slobodno slu\u0161ajte s be\u017ei\u010dnim slu\u0161alicama ili Bluetooth zvu\u010dnikom<\/li>\n<li>Pripremite ugodno mjesto za le\u017eanje i opu\u0161tanje na prostirci za jogu ili mekom tepihu. (Bez rekvizita ispod glave tako da je kralje\u017enica ravna). Ako imate osjetljiv donji dio le\u0111a, mo\u017eete staviti ne\u0161to ispod koljena<\/li>\n<li>Provjerite je li kamera postavljena tako da se na njoj vidi cijelo tijelo<\/li>\n<\/ul>\n<p>&nbsp;<\/p>\n<div class=\"sOMZnbk oTZu_Li---alignment-6-center\" data-section-type=\"DESCRIPTION\">\n<div class=\"sydKowG\" data-hook=\"children-DESCRIPTION\">\n<div data-hook=\"description-wrapper\">\n<p class=\"sziaVFo oX6LAyn---typography-11-runningText oX6LAyn---priority-7-primary sPHZGGF oNKl38p---location-4-BODY sF_NA_j\" aria-hidden=\"false\" data-hook=\"description\">PREPORUKE:<\/p>\n<ul>\n<li class=\"sziaVFo oX6LAyn---typography-11-runningText oX6LAyn---priority-7-primary sPHZGGF oNKl38p---location-4-BODY sF_NA_j\" aria-hidden=\"false\" data-hook=\"description\">2-3 sata prije sesije nemojte ni\u0161ta jesti<\/li>\n<li class=\"sziaVFo oX6LAyn---typography-11-runningText oX6LAyn---priority-7-primary sPHZGGF oNKl38p---location-4-BODY sF_NA_j\" aria-hidden=\"false\" data-hook=\"description\">Nemojte piti kavu ili alkohol na dan sesije<\/li>\n<li class=\"sziaVFo oX6LAyn---typography-11-runningText oX6LAyn---priority-7-primary sPHZGGF oNKl38p---location-4-BODY sF_NA_j\" aria-hidden=\"false\" data-hook=\"description\">Nosite udobnu odje\u0107u (jakna bez patentnog zatvara\u010da), bez nakita.<\/li>\n<\/ul>\n<p>&nbsp;<\/p>\n<p class=\"sziaVFo oX6LAyn---typography-11-runningText oX6LAyn---priority-7-primary sPHZGGF oNKl38p---location-4-BODY sF_NA_j\" aria-hidden=\"false\" data-hook=\"description\">Vidimo se! Anya<\/p>\n<\/div>\n<\/div>\n<\/div>","protected":false},"excerpt":{"rendered":"<p>Provjerite na\u0161u dostupnost i rezervirajte termin i vrijeme koji vama odgovaraju.<\/p>","protected":false},"featured_media":0,"comment_status":"open","ping_status":"closed","template":"","meta":[],"product_brand":[],"product_cat":[60],"product_tag":[],"class_list":{"0":"post-6227","1":"product","2":"type-product","3":"status-publish","5":"product_cat-online-group-session","7":"first","8":"instock","9":"virtual","10":"sold-individually","11":"purchasable","12":"product-type-simple"},"_links":{"self":[{"href":"https:\/\/alivenesskundalini.com\/hr\/wp-json\/wp\/v2\/product\/6227","targetHints":{"allow":["GET"]}}],"collection":[{"href":"https:\/\/alivenesskundalini.com\/hr\/wp-json\/wp\/v2\/product"}],"about":[{"href":"https:\/\/alivenesskundalini.com\/hr\/wp-json\/wp\/v2\/types\/product"}],"replies":[{"embeddable":true,"href":"https:\/\/alivenesskundalini.com\/hr\/wp-json\/wp\/v2\/comments?post=6227"}],"version-history":[{"count":7,"href":"https:\/\/alivenesskundalini.com\/hr\/wp-json\/wp\/v2\/product\/6227\/revisions"}],"predecessor-version":[{"id":7193,"href":"https:\/\/alivenesskundalini.com\/hr\/wp-json\/wp\/v2\/product\/6227\/revisions\/7193"}],"wp:attachment":[{"href":"https:\/\/alivenesskundalini.com\/hr\/wp-json\/wp\/v2\/media?parent=6227"}],"wp:term":[{"taxonomy":"product_brand","embeddable":true,"href":"https:\/\/alivenesskundalini.com\/hr\/wp-json\/wp\/v2\/product_brand?post=6227"},{"taxonomy":"product_cat","embeddable":true,"href":"https:\/\/alivenesskundalini.com\/hr\/wp-json\/wp\/v2\/product_cat?post=6227"},{"taxonomy":"product_tag","embeddable":true,"href":"https:\/\/alivenesskundalini.com\/hr\/wp-json\/wp\/v2\/product_tag?post=6227"}],"curies":[{"name":"wp","href":"https:\/\/api.w.org\/{rel}","templated":true}]}}