{"id":2472,"date":"2024-05-15T11:08:00","date_gmt":"2024-05-15T11:08:00","guid":{"rendered":"https:\/\/alivenesskundalini.com\/?page_id=2472"},"modified":"2024-06-13T18:45:23","modified_gmt":"2024-06-13T18:45:23","slug":"prednosti","status":"publish","type":"page","link":"https:\/\/alivenesskundalini.com\/sl\/prednosti\/","title":{"rendered":"Prednosti"},"content":{"rendered":"<div data-elementor-type=\"wp-page\" data-elementor-id=\"2472\" class=\"elementor elementor-2472\" data-elementor-post-type=\"page\">\n\t\t\t\t<div class=\"elementor-element elementor-element-18e42ff e-con-full e-flex e-con e-parent\" data-id=\"18e42ff\" data-element_type=\"container\" data-settings=\"{&quot;background_background&quot;:&quot;classic&quot;,&quot;jet_parallax_layout_list&quot;:[]}\">\n\t\t<div class=\"elementor-element elementor-element-f957a65 e-con-full e-flex e-con e-child\" data-id=\"f957a65\" data-element_type=\"container\" data-settings=\"{&quot;jet_parallax_layout_list&quot;:[],&quot;background_background&quot;:&quot;classic&quot;}\">\n\t\t\t\t<div class=\"elementor-element elementor-element-3c60773 elementor-widget elementor-widget-heading\" data-id=\"3c60773\" data-element_type=\"widget\" data-widget_type=\"heading.default\">\n\t\t\t\t<div class=\"elementor-widget-container\">\n\t\t\t\t\t<h2 class=\"elementor-heading-title elementor-size-default\">Zakaj opravljamo to delo?<\/h2>\t\t\t\t<\/div>\n\t\t\t\t<\/div>\n\t\t\t\t<div class=\"elementor-element elementor-element-de0a265 elementor-widget elementor-widget-text-editor\" data-id=\"de0a265\" data-element_type=\"widget\" data-widget_type=\"text-editor.default\">\n\t\t\t\t<div class=\"elementor-widget-container\">\n\t\t\t\t\t\t\t\t\tIzvedite, kak\u0161ne koristi vam prina\u0161a na\u0161e delo\t\t\t\t\t\t\t\t<\/div>\n\t\t\t\t<\/div>\n\t\t\t\t<\/div>\n\t\t\t\t<\/div>\n\t\t<div class=\"elementor-element elementor-element-44d5eb9 e-con-full e-flex e-con e-parent\" data-id=\"44d5eb9\" data-element_type=\"container\" data-settings=\"{&quot;jet_parallax_layout_list&quot;:[]}\">\n\t\t<div class=\"elementor-element elementor-element-ef12f10 elementor-hidden-mobile e-flex e-con-boxed e-con e-child\" data-id=\"ef12f10\" data-element_type=\"container\" data-settings=\"{&quot;background_background&quot;:&quot;classic&quot;,&quot;jet_parallax_layout_list&quot;:[]}\">\n\t\t\t\t\t<div class=\"e-con-inner\">\n\t\t\t\t\t<\/div>\n\t\t\t\t<\/div>\n\t\t<div class=\"elementor-element elementor-element-9374447 e-flex e-con-boxed e-con e-child\" data-id=\"9374447\" data-element_type=\"container\" data-settings=\"{&quot;jet_parallax_layout_list&quot;:[]}\">\n\t\t\t\t\t<div class=\"e-con-inner\">\n\t\t\t\t<div class=\"elementor-element elementor-element-3b77e48 elementor-widget__width-initial elementor-widget-mobile__width-inherit elementor-widget elementor-widget-text-editor\" data-id=\"3b77e48\" data-element_type=\"widget\" data-widget_type=\"text-editor.default\">\n\t\t\t\t<div class=\"elementor-widget-container\">\n\t\t\t\t\t\t\t\t\t\n\u2022 Odblokiranje in \u010di\u0161\u010denje blokade v energijskem, fizi\u010dnem in \u010dustvenem sistemu.<br>\n\u2022 Laj\u0161anje stresa in zmanj\u0161anje napetosti v telesu.<br>\n\u2022 Premik v vi\u0161jem nivoju zavesti in vibracije.<br>\n\u2022 \u010custvena sprostitev, preboji in dokon\u010danje ciklov travme.<br>\n\u2022 Pove\u010dano zavedanje, sprostitev omejenih prepri\u010danj.<br>\n\u2022 Pomirjujo\u010di u\u010dinki na splo\u0161no po\u010dutje.\t\t\t\t\t\t\t\t<\/div>\n\t\t\t\t<\/div>\n\t\t\t\t\t<\/div>\n\t\t\t\t<\/div>\n\t\t\t\t<\/div>\n\t\t<div class=\"elementor-element elementor-element-b9db6e1 e-con-full e-flex e-con e-parent\" data-id=\"b9db6e1\" data-element_type=\"container\" data-settings=\"{&quot;jet_parallax_layout_list&quot;:[]}\">\n\t\t<div class=\"elementor-element elementor-element-129afcb e-flex e-con-boxed e-con e-child\" data-id=\"129afcb\" data-element_type=\"container\" data-settings=\"{&quot;background_background&quot;:&quot;classic&quot;,&quot;jet_parallax_layout_list&quot;:[]}\">\n\t\t\t\t\t<div class=\"e-con-inner\">\n\t\t\t\t\t<\/div>\n\t\t\t\t<\/div>\n\t\t<div class=\"elementor-element elementor-element-ae6762c e-flex e-con-boxed e-con e-child\" data-id=\"ae6762c\" data-element_type=\"container\" data-settings=\"{&quot;jet_parallax_layout_list&quot;:[]}\">\n\t\t\t\t\t<div class=\"e-con-inner\">\n\t\t\t\t<div class=\"elementor-element elementor-element-0dde590 elementor-widget__width-initial elementor-widget-mobile__width-inherit elementor-widget elementor-widget-text-editor\" data-id=\"0dde590\" data-element_type=\"widget\" data-widget_type=\"text-editor.default\">\n\t\t\t\t<div class=\"elementor-widget-container\">\n\t\t\t\t\t\t\t\t\t\u2022 Ve\u010dje zavedanje telesa, uma in energija, prebujena intuicija.<br>\n\u2022 Ve\u010d energije.<br>\n\u2022 Ve\u010d harmonije v sebi. <br>\n\u2022 Odkrivanje na\u0161ega resni\u010dnega poslanstva.<br>\n\u2022 Odstranjevanje plasti dru\u017ebenega pogojevanja.<br>\n\u2022 Duhovna prebujenost in izku\u0161enost.\t\t\t\t\t\t\t\t<\/div>\n\t\t\t\t<\/div>\n\t\t\t\t\t<\/div>\n\t\t\t\t<\/div>\n\t\t\t\t<\/div>\n\t\t\t\t<\/div>","protected":false},"excerpt":{"rendered":"<p>Why are we doing this work? Find out what benefits our work brings to youEmotional Release: Relieve built up tension and unprocessed emotions from your physical and emotional system (sadness, anger, loneliness, heartbreak, joy).Regulated Nervous System: Relief of stress, anxiety and tension in your body; experience more calm and stop the pattern of constantly being [&hellip;]<\/p>","protected":false},"author":6,"featured_media":0,"parent":0,"menu_order":0,"comment_status":"closed","ping_status":"closed","template":"","meta":{"footnotes":""},"class_list":["post-2472","page","type-page","status-publish","hentry"],"_links":{"self":[{"href":"https:\/\/alivenesskundalini.com\/sl\/wp-json\/wp\/v2\/pages\/2472","targetHints":{"allow":["GET"]}}],"collection":[{"href":"https:\/\/alivenesskundalini.com\/sl\/wp-json\/wp\/v2\/pages"}],"about":[{"href":"https:\/\/alivenesskundalini.com\/sl\/wp-json\/wp\/v2\/types\/page"}],"author":[{"embeddable":true,"href":"https:\/\/alivenesskundalini.com\/sl\/wp-json\/wp\/v2\/users\/6"}],"replies":[{"embeddable":true,"href":"https:\/\/alivenesskundalini.com\/sl\/wp-json\/wp\/v2\/comments?post=2472"}],"version-history":[{"count":148,"href":"https:\/\/alivenesskundalini.com\/sl\/wp-json\/wp\/v2\/pages\/2472\/revisions"}],"predecessor-version":[{"id":6470,"href":"https:\/\/alivenesskundalini.com\/sl\/wp-json\/wp\/v2\/pages\/2472\/revisions\/6470"}],"wp:attachment":[{"href":"https:\/\/alivenesskundalini.com\/sl\/wp-json\/wp\/v2\/media?parent=2472"}],"curies":[{"name":"wp","href":"https:\/\/api.w.org\/{rel}","templated":true}]}}