{"id":6227,"date":"2024-06-12T20:23:36","date_gmt":"2024-06-12T20:23:36","guid":{"rendered":"https:\/\/alivenesskundalini.com\/?post_type=product&#038;p=6227"},"modified":"2024-08-08T12:52:03","modified_gmt":"2024-08-08T10:52:03","slug":"online-seansa-v-zivo","status":"publish","type":"product","link":"https:\/\/alivenesskundalini.com\/sl\/izdelek\/online-seansa-v-zivo\/","title":{"rendered":"Skupinska seansa preko Zooma"},"content":{"rendered":"<p>V kvantnem polju ni separacije \u010dasa in prostora, zato so seanse Online enako u\u010dinkovite kot seanse v \u017eivo, saj do\u017eivljamo in prejemamo enako raven in intenzivnost energije.<\/p>\n<p>Kadar delamo z energijskim telesom delamo z mentalnimi, fizi\u010dnimi in \u010dustvenimi vidiki na\u0161ega bitja.<\/p>\n<p>Energijsko telo je enostavno dostopno od koder koli in ne zahteva meja fizi\u010dne prisotnosti.<\/p>\n<p>Intenzivnost frekvence je enaka.<\/p>\n<p>Med seanso se sprostimo in prepustimo.<\/p>\n<p>Bodite prisotni, dovolite, prepustite se, prepustite se in bodite odprti za novo izku\u0161njo brez pri\u010dakovanj.<\/p>\n<p>&nbsp;<\/p>\n<p>KAJ POTREBUJE\u0160:<\/p>\n<ul>\n<li>Prenesi aplikacijo Zoom<\/li>\n<li>Glasbo bom delila na Zoomu, zato si omogo\u010di poslu\u0161anje z brez\u017ei\u010dnimi slu\u0161alkami ali na Bluetooth zvo\u010dniku<\/li>\n<li>Pripravi si prijeten prostor za le\u017eanje in sprostitev na podlogi za jogo ali mehki preprogi. (Brez rekvizitov pod glavo, tako da je hrbtenica ravna). \u010ce ima\u0161 ob\u010dutljiv spodnji del hrbta, lahko nekaj podlo\u017ei\u0161 pod kolena<\/li>\n<li>Poskrbi, da bo kamera nastavljena tako, da bo na njej vidno celotno telo<\/li>\n<\/ul>\n<p>&nbsp;<\/p>\n<div class=\"sOMZnbk oTZu_Li---alignment-6-center\" data-section-type=\"DESCRIPTION\">\n<div class=\"sydKowG\" data-hook=\"children-DESCRIPTION\">\n<div data-hook=\"description-wrapper\">\n<p class=\"sziaVFo oX6LAyn---typography-11-runningText oX6LAyn---priority-7-primary sPHZGGF oNKl38p---location-4-BODY sF_NA_j\" aria-hidden=\"false\" data-hook=\"description\">PRIPORO\u010cILA:<\/p>\n<ul>\n<li class=\"sziaVFo oX6LAyn---typography-11-runningText oX6LAyn---priority-7-primary sPHZGGF oNKl38p---location-4-BODY sF_NA_j\" aria-hidden=\"false\" data-hook=\"description\">2-3 ure pred seanso ne jemo ni\u010desar, na dan seanse ne pijemo kave ali alkohola<\/li>\n<li class=\"sziaVFo oX6LAyn---typography-11-runningText oX6LAyn---priority-7-primary sPHZGGF oNKl38p---location-4-BODY sF_NA_j\" aria-hidden=\"false\" data-hook=\"description\">Nosite udobna obla\u010dila (jopica brez zadrge), brez nakita<\/li>\n<li class=\"sziaVFo oX6LAyn---typography-11-runningText oX6LAyn---priority-7-primary sPHZGGF oNKl38p---location-4-BODY sF_NA_j\" aria-hidden=\"false\" data-hook=\"description\">Pomembno je, da pride\u0161 na seanso brez kakr\u0161nihkoli pri\u010dakovanj.<\/li>\n<\/ul>\n<p>&nbsp;<\/p>\n<p class=\"sziaVFo oX6LAyn---typography-11-runningText oX6LAyn---priority-7-primary sPHZGGF oNKl38p---location-4-BODY sF_NA_j\" aria-hidden=\"false\" data-hook=\"description\">Se vidimo, Anya<\/p>\n<\/div>\n<\/div>\n<\/div>","protected":false},"excerpt":{"rendered":"<p>Preverite na\u0161o razpolo\u017eljivost in rezervirajte datum in uro, ki vam ustreza<\/p>","protected":false},"featured_media":0,"comment_status":"open","ping_status":"closed","template":"","meta":[],"product_brand":[],"product_cat":[60],"product_tag":[],"class_list":{"0":"post-6227","1":"product","2":"type-product","3":"status-publish","5":"product_cat-online-group-session","7":"first","8":"instock","9":"virtual","10":"sold-individually","11":"purchasable","12":"product-type-simple"},"_links":{"self":[{"href":"https:\/\/alivenesskundalini.com\/sl\/wp-json\/wp\/v2\/product\/6227","targetHints":{"allow":["GET"]}}],"collection":[{"href":"https:\/\/alivenesskundalini.com\/sl\/wp-json\/wp\/v2\/product"}],"about":[{"href":"https:\/\/alivenesskundalini.com\/sl\/wp-json\/wp\/v2\/types\/product"}],"replies":[{"embeddable":true,"href":"https:\/\/alivenesskundalini.com\/sl\/wp-json\/wp\/v2\/comments?post=6227"}],"version-history":[{"count":7,"href":"https:\/\/alivenesskundalini.com\/sl\/wp-json\/wp\/v2\/product\/6227\/revisions"}],"predecessor-version":[{"id":7193,"href":"https:\/\/alivenesskundalini.com\/sl\/wp-json\/wp\/v2\/product\/6227\/revisions\/7193"}],"wp:attachment":[{"href":"https:\/\/alivenesskundalini.com\/sl\/wp-json\/wp\/v2\/media?parent=6227"}],"wp:term":[{"taxonomy":"product_brand","embeddable":true,"href":"https:\/\/alivenesskundalini.com\/sl\/wp-json\/wp\/v2\/product_brand?post=6227"},{"taxonomy":"product_cat","embeddable":true,"href":"https:\/\/alivenesskundalini.com\/sl\/wp-json\/wp\/v2\/product_cat?post=6227"},{"taxonomy":"product_tag","embeddable":true,"href":"https:\/\/alivenesskundalini.com\/sl\/wp-json\/wp\/v2\/product_tag?post=6227"}],"curies":[{"name":"wp","href":"https:\/\/api.w.org\/{rel}","templated":true}]}}